{"id":4475,"date":"2025-02-27T10:18:08","date_gmt":"2025-02-27T10:18:08","guid":{"rendered":"https:\/\/fado-project.eu\/?page_id=4475"},"modified":"2025-06-23T08:28:47","modified_gmt":"2025-06-23T08:28:47","slug":"politica-de-privacidad","status":"publish","type":"page","link":"https:\/\/fado-project.eu\/es\/politica-de-privacidad\/","title":{"rendered":"Pol\u00edtica de privacidad"},"content":{"rendered":"\n<h2 class=\"wp-block-heading has-black-color has-text-color has-link-color wp-elements-e94e7da3f0952a48943c99c4ff8927c0\">1. \u00c1rea de aplicaci\u00f3n<\/h2>\n\n\n\n<p>La presente pol\u00edtica de privacidad define la naturaleza, el alcance y los objetivos que rigen la recogida y el uso de datos personales en el sitio web <strong><a href=\"https:\/\/fado-project.eu\/es\/\">https:\/\/fado-project.eu<\/a><\/strong> (en lo sucesivo, el \u00absitio web\u00bb).<\/p>\n\n\n\n<p>El sitio web sirve de plataforma digital para el proyecto <strong>FADO<\/strong> &#8211;<strong>Finding Assistance, Delivering Outreach: A Comprehensive Support System for Victims of Gender-Based Violence<\/strong>, cofinanciado por el <strong>Programa Erasmus+ de la Uni\u00f3n Europea<\/strong> con el <strong>n\u00famero de proyecto: 2024-1-FR01-KA220-ADU-000255033<\/strong>.<\/p>\n\n\n\n<p>La responsabilidad de la gesti\u00f3n de las actividades de tratamiento de datos en este sitio web recae en el consorcio del proyecto FADO, que incluye a las siguientes entidades socias:<\/p>\n\n\n\n<ul class=\"wp-block-list\">\n<li><strong>Solicitante (Coordinadora)<\/strong>: Maison de l&#8217;Europe des Landes MDE40 WIPSEE (Francia)<\/li>\n\n\n\n<li><strong>Socia 1<\/strong>: N.E.T. (Networking Education and Training) Associazione Culturale (Italia)<\/li>\n\n\n\n<li><strong>Socia 2:<\/strong> UG Dah Teatar (Serbia)<\/li>\n\n\n\n<li><strong>Socia 3:<\/strong> ETE FAROS Ltd. (Chipre)<\/li>\n\n\n\n<li><strong>Socia 4: <\/strong>MetaArte Associazione Arte e Cultura (Italia)<\/li>\n\n\n\n<li><strong>Socia 5: <\/strong>Asociaci\u00f3n Bienestar y Desarrollo (Espa\u00f1a)<\/li>\n<\/ul>\n\n\n\n<p>Estas entidades se denominan colectivamente <strong>\u00abnosotras\u00bb, \u201cnos\u201d o \u00abnuestro\/a\u00bb<\/strong> en la presente Pol\u00edtica de Privacidad. Encontrar\u00e1 m\u00e1s detalles sobre el consorcio del proyecto e informaci\u00f3n de contacto en la p\u00e1gina <a href=\"https:\/\/fado-project.eu\/es\/quienes-somos\/\" data-type=\"link\" data-id=\"https:\/\/fado-project.eu\/es\/quienes-somos\/\">Acerca de nosotros<\/a> y <a href=\"https:\/\/fado-project.eu\/es\/contacto\/\">Contacto<\/a>. Para consultas sobre protecci\u00f3n de datos, p\u00f3ngase en contacto con <strong><a href=\"mailto:project@fado-project.eu\">project@fado-project.eu<\/a><\/strong>.<\/p>\n\n\n\n<hr class=\"wp-block-separator has-alpha-channel-opacity\"\/>\n\n\n\n<h2 class=\"wp-block-heading has-black-color has-text-color has-link-color wp-elements-1b26ace4d5dfcfafb8f51fd9826c9138\">2. Informaci\u00f3n que recopilamos y su uso<\/h2>\n\n\n\n<p>Recogemos un <strong>m\u00ednimo de datos personales<\/strong>, estrictamente limitados a las necesidades operativas. <strong>No vendemos, alquilamos ni intercambiamos datos personales<\/strong> con fines comerciales. Los tipos de datos que recopilamos incluyen:<\/p>\n\n\n\n<ul class=\"wp-block-list\">\n<li><strong>Formulario de contacto y correspondencia por correo electr\u00f3nico<\/strong>: Cuando los usuarios y usuarias se ponen en contacto con nosotras a trav\u00e9s de nuestra <a href=\"https:\/\/fado-project.eu\/es\/contacto\/\">p\u00e1gina de contacto<\/a> o del correo electr\u00f3nico <strong><a href=\"mailto:project@fado-project.eu\">project@fado-project.eu<\/a><\/strong>, tratamos los datos personales (por ejemplo, nombre, direcci\u00f3n de correo electr\u00f3nico) \u00fanicamente para responder a las consultas.<\/li>\n\n\n\n<li><strong>An\u00e1lisis del sitio web<\/strong>: Utilizamos <strong>Google Analytics<\/strong> para recopilar datos an\u00f3nimos sobre las visitas al sitio web. Esto incluye la duraci\u00f3n de la visita, las p\u00e1ginas a las que se accede y las interacciones del usuario. Las direcciones IP se anonimizan inmediatamente despu\u00e9s de su recopilaci\u00f3n.<\/li>\n\n\n\n<li><strong>Cookies<\/strong>: Las cookies funcionales se utilizan para mejorar el rendimiento del sitio web. <strong>No utilizamos cookies de seguimiento, publicitarias ni de elaboraci\u00f3n de perfiles<\/strong>. Los usuarios pueden gestionar sus preferencias de cookies a trav\u00e9s del banner de cookies.<\/li>\n<\/ul>\n\n\n\n<hr class=\"wp-block-separator has-alpha-channel-opacity\"\/>\n\n\n\n<h2 class=\"wp-block-heading has-black-color has-text-color has-link-color wp-elements-959d8e839235c34a7aad657d986891bb\">3. Datos de registro<\/h2>\n\n\n\n<p>Cada visita a nuestro sitio web genera <strong>datos de registro automatizados<\/strong>, que pueden incluir:<\/p>\n\n\n\n<ul class=\"wp-block-list\">\n<li>Direcci\u00f3n <strong>IP anonimizada<\/strong><\/li>\n\n\n\n<li>Tipo de navegador y versi\u00f3n<\/li>\n\n\n\n<li>P\u00e1ginas visitadas y duraci\u00f3n de la visita<\/li>\n\n\n\n<li>Fecha y hora de las interacciones en el sitio web<\/li>\n<\/ul>\n\n\n\n<p>Estos datos se recogen \u00fanicamente para <strong>la administraci\u00f3n del sistema, la seguridad y el an\u00e1lisis del rendimiento<\/strong>. No est\u00e1n vinculados a ning\u00fan dato personal facilitado voluntariamente por los usuarios.<\/p>\n\n\n\n<hr class=\"wp-block-separator has-alpha-channel-opacity\"\/>\n\n\n\n<h2 class=\"wp-block-heading has-black-color has-text-color has-link-color wp-elements-4bec2ae6fa7f83b6c60343384e07de9e\">4. Cookies<\/h2>\n\n\n\n<p>Nuestra web utiliza cookies para mejorar la funcionalidad. Categorizamos las cookies de la siguiente forma:<\/p>\n\n\n\n<ul class=\"wp-block-list\">\n<li><strong>Cookies necesarias<\/strong>: Esenciales para el funcionamiento de la web y sus funciones b\u00e1sicas<\/li>\n\n\n\n<li><strong>Cookies funcionales<\/strong>: Guarda las preferencias de los usuarios para una experiencia mejorada<\/li>\n\n\n\n<li><strong>Cookies anal\u00edticas<\/strong>: Realizan un seguimiento del uso del sitio web con datos an\u00f3nimos para mejorar el rendimiento.<\/li>\n<\/ul>\n\n\n\n<p>Los usuarios pueden <strong>aceptar o rechazar las cookies no esenciales<\/strong> a trav\u00e9s del banner de consentimiento de cookies. Deshabilitar las cookies puede afectar a determinadas funciones del sitio web.<\/p>\n\n\n\n<hr class=\"wp-block-separator has-alpha-channel-opacity\"\/>\n\n\n\n<h2 class=\"wp-block-heading has-black-color has-text-color has-link-color wp-elements-e7c37776f42e07a26c313a9170fb050f\">5. Google Analytics<\/h2>\n\n\n\n<p>Utilizamos <strong>Google Analytics<\/strong>, un servicio prestado por Google Inc. para recopilar informaci\u00f3n sobre el uso del sitio web. Para proteger la privacidad del usuario, activamos la funci\u00f3n <strong>\u00abanonymizeIp\u00bb<\/strong> de Google, que <strong>elimina la identificaci\u00f3n personal de las direcciones IP antes de almacenarlas<\/strong>.<\/p>\n\n\n\n<p>Los usuarios pueden <strong>inhabilitar las cookies de Google Analytics<\/strong> sin que ello afecte al acceso a las funciones principales del sitio web. Encontrar\u00e1 m\u00e1s informaci\u00f3n en la <a href=\"https:\/\/policies.google.com\/privacy\">Pol\u00edtica de privacidad de Google<\/a>.<\/p>\n\n\n\n<hr class=\"wp-block-separator has-alpha-channel-opacity\"\/>\n\n\n\n<h2 class=\"wp-block-heading has-black-color has-text-color has-link-color wp-elements-da4c806a767b326157a1d10188366a4b\">6. Intercambio de datos<\/h2>\n\n\n\n<p>No <strong>vendemos, comercializamos ni compartimos<\/strong> los datos personales de los usuarios con terceros. Sin embargo, podemos compartir <strong>estad\u00edsticas agregadas y anonimizadas<\/strong> con socios de proyectos, organismos de financiaci\u00f3n y partes interesadas para <strong>demostrar el impacto de los proyectos<\/strong>.<\/p>\n\n\n\n<p>Tambi\u00e9n podemos revelar datos personales si as\u00ed lo exige la <strong>ley<\/strong>, para <strong>proteger nuestros derechos<\/strong> o para <strong>garantizar la seguridad de los usuarios<\/strong>.<\/p>\n\n\n\n<hr class=\"wp-block-separator has-alpha-channel-opacity\"\/>\n\n\n\n<h2 class=\"wp-block-heading has-black-color has-text-color has-link-color wp-elements-4c85a3ce083bf8369b83be787f64d5e6\">7. Protecci\u00f3n de datos y seguridad<\/h2>\n\n\n\n<p>Aplicamos <strong>estrictas medidas t\u00e9cnicas y organizativas<\/strong> para proteger los datos de los usuarios:<\/p>\n\n\n\n<ul class=\"wp-block-list\">\n<li><strong>Cifrado de datos<\/strong>: Todas las transferencias de datos est\u00e1n protegidas mediante <strong>HTTPS<\/strong>.<\/li>\n\n\n\n<li><strong>Restricci\u00f3n de acceso<\/strong>: S\u00f3lo el personal autorizado del proyecto tiene acceso a los datos personales.<\/li>\n\n\n\n<li><strong>Auditor\u00edas peri\u00f3dicas<\/strong>: Las medidas de seguridad se revisan y actualizan continuamente.<\/li>\n<\/ul>\n\n\n\n<hr class=\"wp-block-separator has-alpha-channel-opacity\"\/>\n\n\n\n<h2 class=\"wp-block-heading has-black-color has-text-color has-link-color wp-elements-5ed088030db24dcbe232f7903bd6d7b2\">8. Conservaci\u00f3n de datos personales<\/h2>\n\n\n\n<p><strong>S\u00f3lo <\/strong>conservamos los datos personales <strong>durante el tiempo necesario<\/strong> para los fines indicados.<\/p>\n\n\n\n<ul class=\"wp-block-list\">\n<li><strong>Datos del formulario<\/strong> de contacto: Datos sensibles eliminados una vez resuelta la consulta.<\/li>\n\n\n\n<li><strong>Datos de Google Analytics<\/strong>: Almacenados <strong>de forma anonimizada<\/strong> seg\u00fan la pol\u00edtica de retenci\u00f3n de Google.<\/li>\n\n\n\n<li><strong>Datos de registro<\/strong>: Conservados para la supervisi\u00f3n de la <strong>seguridad<\/strong> y el rendimiento.<\/li>\n<\/ul>\n\n\n\n<p>Los usuarios pueden solicitar la supresi\u00f3n de sus datos personales en cualquier momento poni\u00e9ndose en contacto con <strong><a href=\"mailto:project@fado-project.eu\">project@fado-project.eu<\/a><\/strong>.<\/p>\n\n\n\n<hr class=\"wp-block-separator has-alpha-channel-opacity is-style-default\"\/>\n\n\n\n<h2 class=\"wp-block-heading has-black-color has-text-color has-link-color wp-elements-b76386a055c373eeeaea3f07921f3fbe\">9. Cambios en esta pol\u00edtica de privacidad<\/h2>\n\n\n\n<p>Esta Pol\u00edtica de Privacidad es efectiva desde el <strong>27 de febrero de 2025<\/strong>. Podr\u00e1n realizarse actualizaciones peri\u00f3dicamente, estando siempre disponible la \u00faltima versi\u00f3n en esta p\u00e1gina.<\/p>\n\n\n\n<p>Si se producen <strong>cambios significativos<\/strong>, mostraremos un <strong>aviso destacado<\/strong> en la p\u00e1gina de inicio. El uso continuado del sitio web tras las actualizaciones implica la aceptaci\u00f3n de la pol\u00edtica revisada.<\/p>\n\n\n\n<hr class=\"wp-block-separator has-alpha-channel-opacity\"\/>\n\n\n\n<h2 class=\"wp-block-heading has-black-color has-text-color has-link-color wp-elements-2c89a4132437dbef50918d7eea592dbf\">10. Contacto<\/h2>\n\n\n\n<p>Para cualquier consulta relativa a esta Pol\u00edtica de Privacidad o a la protecci\u00f3n de datos, p\u00f3ngase en contacto con nosotros por correo electr\u00f3nico en <strong><a href=\"mailto:project@fado-project.eu\">project@fado-project.eu<\/a><\/strong> o a trav\u00e9s de la <a href=\"https:\/\/fado-project.eu\/es\/contacto\/\">P\u00e1gina de Contacto<\/a>.<\/p>\n\n\n\n<p class=\"has-black-color has-text-color has-link-color wp-elements-cbbd3692f0c8cd3a040cacb255f5edff\"><strong>Fecha efectiva<\/strong>: 27 de febrero de 2025<\/p>\n","protected":false},"excerpt":{"rendered":"<p>1. \u00c1rea de aplicaci\u00f3n La presente pol\u00edtica de privacidad define la naturaleza, el alcance y los objetivos que rigen la recogida y el uso de datos personales en el sitio web https:\/\/fado-project.eu (en lo sucesivo, el \u00absitio web\u00bb). El sitio web sirve de plataforma digital para el proyecto FADO &#8211;Finding Assistance, Delivering Outreach: A Comprehensive Support System for Victims of Gender-Based Violence, cofinanciado por el Programa Erasmus+ de la Uni\u00f3n Europea con el n\u00famero de proyecto: 2024-1-FR01-KA220-ADU-000255033. La responsabilidad de la gesti\u00f3n de las actividades de tratamiento de datos en este sitio web recae en el consorcio del proyecto FADO,<\/p>\n","protected":false},"author":1,"featured_media":0,"parent":0,"menu_order":0,"comment_status":"closed","ping_status":"closed","template":"","meta":{"footnotes":""},"class_list":["post-4475","page","type-page","status-publish","hentry"],"_links":{"self":[{"href":"https:\/\/fado-project.eu\/es\/wp-json\/wp\/v2\/pages\/4475","targetHints":{"allow":["GET"]}}],"collection":[{"href":"https:\/\/fado-project.eu\/es\/wp-json\/wp\/v2\/pages"}],"about":[{"href":"https:\/\/fado-project.eu\/es\/wp-json\/wp\/v2\/types\/page"}],"author":[{"embeddable":true,"href":"https:\/\/fado-project.eu\/es\/wp-json\/wp\/v2\/users\/1"}],"replies":[{"embeddable":true,"href":"https:\/\/fado-project.eu\/es\/wp-json\/wp\/v2\/comments?post=4475"}],"version-history":[{"count":0,"href":"https:\/\/fado-project.eu\/es\/wp-json\/wp\/v2\/pages\/4475\/revisions"}],"wp:attachment":[{"href":"https:\/\/fado-project.eu\/es\/wp-json\/wp\/v2\/media?parent=4475"}],"curies":[{"name":"wp","href":"https:\/\/api.w.org\/{rel}","templated":true}]}}