{"id":4306,"date":"2025-02-27T10:18:08","date_gmt":"2025-02-27T10:18:08","guid":{"rendered":"https:\/\/fado-project.eu\/?page_id=4306"},"modified":"2025-06-20T09:22:52","modified_gmt":"2025-06-20T09:22:52","slug":"politika-privatnosti","status":"publish","type":"page","link":"https:\/\/fado-project.eu\/sr\/politika-privatnosti\/","title":{"rendered":"Politika privatnosti"},"content":{"rendered":"\n<h2 class=\"wp-block-heading has-black-color has-text-color has-link-color wp-elements-c70e2d9750441e406607ff9eee0ad70c\">1. Oblast primene<\/h2>\n\n\n\n<p>Politika privatnosti defini\u0161e prirodu, opseg, i ciljeve kojima se vodi skupljanje i kori\u0161\u0107enje li\u010dnih podataka na sajtu <strong><a href=\"https:\/\/fado-project.eu\/sr\/\">https:\/\/fado-project.eu<\/a><\/strong> (ovde se pominje kao &#8220;sajt&#8220;).<\/p>\n\n\n\n<p>Sajt slu\u017ei kao digitalna platforma <strong>FADO<\/strong> projekta\u2014<strong>Pronala\u017eenje pomo\u0107i, pru\u017eanje pomo\u0107i: Razumljiv Sistem Podr\u0161ke za \u017drtve Rodno Zasnovanog Nasilja<\/strong>\u2014koosnovan od strane <strong>Erasmus+ Programa Evropske unije<\/strong> pod <strong>Brojem Projekta: 2024-1-FR01-KA220-ADU-000255033<\/strong>.<\/p>\n\n\n\n<p>Odgovornost za upravljanje aktivnostima obrade podataka na ovom sajtu pripada konzorcijumu FADO projekta, koji uklju\u010duje slede\u0107e partnere:<\/p>\n\n\n\n<ul class=\"wp-block-list\">\n<li><strong>Podnosilac prijave (Koordinator)<\/strong>: Maison de l\u2019Europe des Landes MDE40 WIPSEE (Francuska)<\/li>\n\n\n\n<li><strong>Partner 1:<\/strong> N.E.T. (Networking Education and Training) Associazione Culturale (Italija)<\/li>\n\n\n\n<li><strong>Partner 2:<\/strong> UG DAH Teatar (Srbija)<\/li>\n\n\n\n<li><strong>Partner 3:<\/strong> ETE FAROS Ltd. (Kipar)<\/li>\n\n\n\n<li><strong>Partner 4:<\/strong> MetaArte Associazione Arte e Cultura (Italija)<\/li>\n\n\n\n<li><strong>Partner 5:<\/strong> Asociaci\u00f3n Bienestar y Desarrollo (\u0160panija)<\/li>\n<\/ul>\n\n\n\n<p>Ovi entiteti se kolektivno pominju kao <strong>&#8222;mi&#8220; ili &#8222;na\u0161e&#8220;<\/strong> u Politici privatnosti. Vi\u0161e detalja o konzorcijumu projekta i informacije o kontaktima dostupne su na stranicama <a href=\"https:\/\/fado-project.eu\/sr\/o-nama\/\" data-type=\"link\" data-id=\"https:\/\/fado-project.eu\/sr\/o-nama\/\">O nama<\/a> i <a href=\"https:\/\/fado-project.eu\/sr\/kontakt\/\">Kontakt<\/a>. Za upit o za\u0161titi podatka, molimo vas kontaktirajte <strong><a href=\"mailto:project@fado-project.eu\">project@fado-project.eu<\/a><\/strong>.<\/p>\n\n\n\n<hr class=\"wp-block-separator has-alpha-channel-opacity\"\/>\n\n\n\n<h2 class=\"wp-block-heading has-black-color has-text-color has-link-color wp-elements-248589cf82d89e77691f3f1b0ec1ba11\">2. Informacije koje skupljamo &amp; Kako ih koristimo<\/h2>\n\n\n\n<p>Skupljamo <strong>minimalno li\u010dnih podataka<\/strong>, striktno svedene na zahteve operativnog sistema. <strong>Ne prodajemo, iznajmljujemo, ili prenosimo li\u010dne podatke<\/strong> u komercijalne svrhe. Vrste podataka koje sakupljamo uklju\u010duju:<\/p>\n\n\n\n<ul class=\"wp-block-list\">\n<li><strong>Kontakt forma i komunikacija putem imejla<\/strong>: Kada nas korisnici kontaktiraju preko na\u0161e <a href=\"https:\/\/fado-project.eu\/sr\/kontakt\/\">kontakt stranice<\/a> ili imejla <strong><a href=\"mailto:project@fado-project.eu\">project@fado-project.eu<\/a><\/strong>, obra\u0111ujemo li\u010dne podatke (npr. ime, imejl adresa) isklju\u010divo da bismo odgovorili na upite.<\/li>\n\n\n\n<li><strong>Analitika veb-sajta<\/strong>: Koristimo <strong>Google analitiku<\/strong> za prikupljanje anonimnih podataka o posetama veb-lokacijama. Ovo uklju\u010duje trajanje posete, stranice kojima se pristupa i interakcije korisnika. IP adrese se anonimiziraju odmah po preuzimanju.<\/li>\n\n\n\n<li><strong>Kola\u010dic\u0301i<\/strong>: Funkcionalni kola\u010dic\u0301i se koriste za pobolj\u0161anje performansi veb-stranice. <strong>Ne koristimo kola\u010dic\u0301e za prac\u0301enje, obave\u0161tavanje ili profilisanje<\/strong>. Korisnici mogu da upravljaju pode\u0161avanjima kola\u010dic\u0301a preko banera kola\u010di\u0107a.<\/li>\n<\/ul>\n\n\n\n<hr class=\"wp-block-separator has-alpha-channel-opacity\"\/>\n\n\n\n<h2 class=\"wp-block-heading has-black-color has-text-color has-link-color wp-elements-5fcc5a98f4e5cdcc8c46d379c87535b1\">3. Zapisani podaci<\/h2>\n\n\n\n<p>Svaka poseta na\u0161oj veb-stranici generi\u0161e <strong>automatizovane zapisane podatke<\/strong>, koji mogu uklju\u010divati:<\/p>\n\n\n\n<ul class=\"wp-block-list\">\n<li>Anonimne <strong>IP adrese<\/strong><\/li>\n\n\n\n<li>Vrsta i verzija pretra\u017eiva\u010da<\/li>\n\n\n\n<li>Pose\u0107ene stranice i trajanje posete<\/li>\n\n\n\n<li>Vremenska oznaka interakcija na veb-lokaciji<\/li>\n<\/ul>\n\n\n\n<p>Podaci se prikupljaju isklju\u010divo za <strong>administraciju sistema, bezbednost i analizu performansi<\/strong>. Nisu povezani ni sa kakvim li\u010dnim podacima koje su korisnici dobrovoljno dali.<\/p>\n\n\n\n<hr class=\"wp-block-separator has-alpha-channel-opacity\"\/>\n\n\n\n<h2 class=\"wp-block-heading has-black-color has-text-color has-link-color wp-elements-4c662d6f1dbbabbb7bddca27698df78e\">4. Kola\u010di\u0107i<\/h2>\n\n\n\n<p>Na\u0161 sajt koristi kola\u010di\u0107e za pobolj\u0161anje funkcionalnosti. Kategori\u0161emo kola\u010di\u0107e na slede\u0107i na\u010din:<\/p>\n\n\n\n<ul class=\"wp-block-list\">\n<li><strong>Neophodni kola\u010di\u0107i<\/strong>: Klju\u010dni za rad veb-stranice i osnovne funkcije.<\/li>\n\n\n\n<li><strong>Funkcionalni kola\u010di\u0107i<\/strong>: Skladi\u0161te preference korisnika za pobolj\u0161ano iskustvo.<\/li>\n\n\n\n<li><strong>Analiti\u010dki kola\u010di\u0107i<\/strong>: Prate kori\u0161\u0107enje veb-sajta sa anonimnim podacima za pobolj\u0161anje performansi veb-sajta.<\/li>\n<\/ul>\n\n\n\n<p>Korisnici mogu da <strong>prihvate ili odbiju klola\u010di\u0107e koji nisu neophodni<\/strong> putem banera kola\u010di\u0107a. Odbijanje kola\u010di\u0107a mo\u017ee da uti\u010de na odre\u0111ene funkcije veb-sajta.<\/p>\n\n\n\n<hr class=\"wp-block-separator has-alpha-channel-opacity\"\/>\n\n\n\n<h2 class=\"wp-block-heading has-black-color has-text-color has-link-color wp-elements-2287329a15700cce3709c159db936bde\">5. Google analitika<\/h2>\n\n\n\n<p>Koristimo <strong>Google analitiku<\/strong>, uslugu koju pru\u017ea Google Inc., da prikupimo uvid u kori\u0161\u0107enje veb-stranice. Da bismo za\u0161titili privatnost korisnika, omoguc\u0301avamo Google-ovu <strong>\u201eanonimizeIp\u201c<\/strong> funkciju, koja <strong>uklanja li\u010dnu identifikaciju sa IP adresa pre skladi\u0161tenja<\/strong>.<\/p>\n\n\n\n<p>Korisnici mogu da <strong>odbiju Google Analytics kola\u010di\u0107e<\/strong> bez uticaja na pristup osnovnim funkcijama veb-stranice. Vi\u0161e detalja mo\u017eete pronac\u0301i u <a href=\"https:\/\/policies.google.com\/privacy\">Google-ovoj Politici privatnosti<\/a>.<\/p>\n\n\n\n<hr class=\"wp-block-separator has-alpha-channel-opacity\"\/>\n\n\n\n<h2 class=\"wp-block-heading has-black-color has-text-color has-link-color wp-elements-ef214ecc45cd143ce215fb08b21357f6\">6. Deljenje podataka<\/h2>\n\n\n\n<p>Ne <strong>prodajemo<\/strong>, razmenjujemo ili delimo li\u010dne podatke korisnika sa tre\u0107im licima. Me\u0111utim, mo\u017eemo da delimo <strong>ukupne, anonimne statistike<\/strong> sa partnerima projekta, finansijskim organima i zainteresovanim stranama kako bismo <strong>pokazali uticaj projekta<\/strong>.<\/p>\n\n\n\n<p>Mo\u017eemo tako\u0111e da otkrijemo li\u010dne podatke ako to zahteva <strong>zakon<\/strong>, da bismo <strong>za\u0161titili svoja prava<\/strong>, ili da bismo <strong>obezbedili bezbednost korisnika<\/strong>.<\/p>\n\n\n\n<hr class=\"wp-block-separator has-alpha-channel-opacity\"\/>\n\n\n\n<h2 class=\"wp-block-heading has-black-color has-text-color has-link-color wp-elements-4996aa34573c35bbfa624b19c7f644a7\">7. Za\u0161tita podataka &amp; Bezbednost<\/h2>\n\n\n\n<p>Primenjujemo <strong>striktne tehni\u010dke i organizacione mere<\/strong> da osiguramo podatke korisnika:<\/p>\n\n\n\n<ul class=\"wp-block-list\">\n<li><strong>\u0160ifrovanje podataka<\/strong>: Sav prenos podataka je osiguran putem <strong>HTTPS<\/strong>.<\/li>\n\n\n\n<li><strong>Ograni\u010denje pristupa<\/strong>: Samo ovla\u0161c\u0301eno osoblje projekta ima pristup li\u010dnim podacima.<\/li>\n\n\n\n<li><strong>Redovne revizije<\/strong>: Bezbednosne mere se kontinuirano pregledaju i a\u017euriraju.<\/li>\n<\/ul>\n\n\n\n<hr class=\"wp-block-separator has-alpha-channel-opacity\"\/>\n\n\n\n<h2 class=\"wp-block-heading has-black-color has-text-color has-link-color wp-elements-1084a1019ccc57f2062c64dffe108a1d\">8. Zadr\u017eavanje li\u010dnih podataka<\/h2>\n\n\n\n<p><strong>Li\u010dne podatke \u010duvamo samo onoliko dugo koliko je potrebno<\/strong> za navedene svrhe.<\/p>\n\n\n\n<ul class=\"wp-block-list\">\n<li><strong>Podaci Obrasca za kontakt<\/strong>: Osetljivi podaci se bri\u0161u kada se upit re\u0161i.<\/li>\n\n\n\n<li><strong>Podaci Google analitike<\/strong>: Skladi\u0161teni u <strong>anonimnoj<\/strong> formi prema Google politici zadr\u017eavanja.<\/li>\n\n\n\n<li><strong>Zapisani podaci<\/strong>: Zadr\u017eani radi <strong>bezbednosti i pra\u0107enja performansi<\/strong>.<\/li>\n<\/ul>\n\n\n\n<p>Korisnici mogu da zahtevaju brisanje njihovih li\u010dnih podataka u bilo kom trenutku kontaktiranjem <strong><a href=\"mailto:project@fado-project.eu\">project@fado-project.eu<\/a><\/strong>.<\/p>\n\n\n\n<hr class=\"wp-block-separator has-alpha-channel-opacity is-style-default\"\/>\n\n\n\n<h2 class=\"wp-block-heading has-black-color has-text-color has-link-color wp-elements-ad949b5cf344f434216c301e12d701e1\">9. Promene u poltici privatnosti<\/h2>\n\n\n\n<p>Politika privatnosti stupa na snagu <strong>27. februara 2025. godine<\/strong>. A\u017euriranja se mogu desiti periodi\u010dno, sa najnovijom verzijom uvek dostupnom na ovoj stranici.<\/p>\n\n\n\n<p>Ako se dese <strong>odre\u0111ene promene<\/strong>, postavi\u0107emo <strong>istaknuto obave\u0161tenje<\/strong> na po\u010detnoj stranici. Dalje kori\u0161\u0107enje a\u017euriranih stavki veb-sajta implicira prihvatanje izmenjene politike.<\/p>\n\n\n\n<hr class=\"wp-block-separator has-alpha-channel-opacity\"\/>\n\n\n\n<h2 class=\"wp-block-heading has-black-color has-text-color has-link-color wp-elements-75e6831c0a7db72214ed870856d4f2b6\">10. Kontaktirajte nas<\/h2>\n\n\n\n<p>Za upit o Politici privatnosti ili za\u0161titi podataka, molimo vas kontaktirajte nas putem imejla <strong><a href=\"mailto:project@fado-project.eu\">project@fado-project.eu<\/a><\/strong> ili putem stranice <a href=\"https:\/\/fado-project.eu\/sr\/kontakt\/\">Kontakt<\/a>.<\/p>\n\n\n\n<p class=\"has-black-color has-text-color has-link-color wp-elements-585842f9d58b263a6c7d428d82215924\"><strong>Datum stupanja na snagu:<\/strong> 27. februar 2025.<\/p>\n","protected":false},"excerpt":{"rendered":"<p>1. Oblast primene Politika privatnosti defini\u0161e prirodu, opseg, i ciljeve kojima se vodi skupljanje i kori\u0161\u0107enje li\u010dnih podataka na sajtu https:\/\/fado-project.eu (ovde se pominje kao &#8220;sajt&#8220;). Sajt slu\u017ei kao digitalna platforma FADO projekta\u2014Pronala\u017eenje pomo\u0107i, pru\u017eanje pomo\u0107i: Razumljiv Sistem Podr\u0161ke za \u017drtve Rodno Zasnovanog Nasilja\u2014koosnovan od strane Erasmus+ Programa Evropske unije pod Brojem Projekta: 2024-1-FR01-KA220-ADU-000255033. Odgovornost za upravljanje aktivnostima obrade podataka na ovom sajtu pripada konzorcijumu FADO projekta, koji uklju\u010duje slede\u0107e partnere: Ovi entiteti se kolektivno pominju kao &#8222;mi&#8220; ili &#8222;na\u0161e&#8220; u Politici privatnosti. Vi\u0161e detalja o konzorcijumu projekta i informacije o kontaktima dostupne su na stranicama O nama i Kontakt.<\/p>\n","protected":false},"author":1,"featured_media":0,"parent":0,"menu_order":0,"comment_status":"closed","ping_status":"closed","template":"","meta":{"footnotes":""},"class_list":["post-4306","page","type-page","status-publish","hentry"],"_links":{"self":[{"href":"https:\/\/fado-project.eu\/sr\/wp-json\/wp\/v2\/pages\/4306","targetHints":{"allow":["GET"]}}],"collection":[{"href":"https:\/\/fado-project.eu\/sr\/wp-json\/wp\/v2\/pages"}],"about":[{"href":"https:\/\/fado-project.eu\/sr\/wp-json\/wp\/v2\/types\/page"}],"author":[{"embeddable":true,"href":"https:\/\/fado-project.eu\/sr\/wp-json\/wp\/v2\/users\/1"}],"replies":[{"embeddable":true,"href":"https:\/\/fado-project.eu\/sr\/wp-json\/wp\/v2\/comments?post=4306"}],"version-history":[{"count":0,"href":"https:\/\/fado-project.eu\/sr\/wp-json\/wp\/v2\/pages\/4306\/revisions"}],"wp:attachment":[{"href":"https:\/\/fado-project.eu\/sr\/wp-json\/wp\/v2\/media?parent=4306"}],"curies":[{"name":"wp","href":"https:\/\/api.w.org\/{rel}","templated":true}]}}